{"id":12,"date":"2022-11-04T18:49:58","date_gmt":"2022-11-04T17:49:58","guid":{"rendered":"http:\/\/festivalsonomundo.com\/?page_id=12"},"modified":"2025-09-19T22:14:51","modified_gmt":"2025-09-19T20:14:51","slug":"nous-soutenir","status":"publish","type":"page","link":"https:\/\/festivalsonomundo.com\/index.php\/nous-soutenir\/","title":{"rendered":"Nous soutenir 2024"},"content":{"rendered":"\n\n\n\n\n<p class=\"is-layout-flow wp-block-column-is-layout-flow is-layout-flex wp-container-core-columns-is-layout-28f84493 wp-block-columns-is-layout-flex wp-block-group-is-layout-flow\" style=\"font-size:clamp(18.959px, 1.185rem + ((1vw - 3.2px) * 0.783), 30px); line-height: 1.1;\"><strong>Nous soutenir<\/strong><\/p>\n\n\n\n\n<hr class=\"is-layout-flow wp-block-column-is-layout-flow\" style=\"background-color: #000000; color: #000000;\" \/>\n\n\n\n\n\n\n\n<p class=\"wp-elements-44f14a913eb41fa82ac7d827f9decd34 is-layout-flow wp-block-column-is-layout-flow is-layout-flex wp-container-core-columns-is-layout-28f84493 wp-block-columns-is-layout-flex\" style=\"text-align: justify;\">En soutenant la troisi\u00e8me \u00e9dition du Festival organis\u00e9 par l\u2019Association SONOMUNDO, vous rejoignez <strong>une communaut\u00e9 anim\u00e9e par le d\u00e9sir de faire dialoguer cultures, arts, cr\u00e9ations et musiques<\/strong>.<\/p>\n\n\n<p class=\"wp-elements-662220e4641af6f631e480d401dc3d7d\" style=\"text-align: justify;\">SONOMUNDO s\u2019est fix\u00e9 trois objectifs principaux :<\/p>\n\n\n<ul class=\"wp-block-list wp-elements-329bc1b4f71ae020ec676ca0a9a1b5ed\" style=\"text-align: justify;\">\n\n<li style=\"text-align: justify;\">promouvoir la cr\u00e9ation artistique \u00e0 travers les continents, notamment dans le domaine de la cr\u00e9ation musicale, laquelle est au centre de la troisi\u00e8me \u00e9dition du Festival SONOMUNDO<\/li>\n<li style=\"text-align: left;\">rassembler les diff\u00e9rents acteurs et contributeurs de la cr\u00e9ation artistique l\u00e0 travers des rendez-vous et \u00e9v\u00e8nements th\u00e9matiques<\/li>\n<li style=\"text-align: justify;\">favoriser l\u2019\u00e9mergence de nouveaux syst\u00e8mes et outils \u00e9ducatifs li\u00e9s au secteur artistique, et en particulier musical<\/li>\n\n<\/ul>\n\n\n<ul class=\"wp-block-list wp-elements-71508ea51a06ac2d89e699b9eeac2b4f\" style=\"text-align: justify;\">\n\n\n<\/ul>\n\n\n\n\n<p class=\"wp-elements-dcf021622d4e406b450d80b2d029fb13 is-layout-flow wp-block-column-is-layout-flow\" style=\"text-align: justify;\">Chaque personne soutenant le Festival SONOMUNDO peut devenir un acteur dans ce projet d&#8217;<strong>\u00e9mergence de nouveaux talents<\/strong>.<\/p>\n\n\n<p class=\"wp-elements-54df70ab432e5860f765815723344326\" style=\"text-align: justify;\">Le montant de l&#8217;adh\u00e9sion est libre. Chacun contribue en fonction de ses moyens. Les besoins sont concrets et infinis. Vos dons nous permettent d&#8217;avancer.<\/p>\n\n\n<p class=\"wp-elements-1e847f3352d42084c7815ce65cd54112\" style=\"text-align: justify;\">Merci \u00e0 toutes et \u00e0 tous!<\/p>\n\n\n<p class=\"wp-elements-c4e4de16392e8fe735420456b038a98a\" style=\"text-align: justify;\">L&#8217;\u00e9quipe de SONOMUNDO<\/p>\n<p>\u00a0<\/p>\n\n\n\n<a class=\"is-horizontal is-content-justification-left is-nowrap is-layout-flex wp-container-core-buttons-is-layout-8dac2b45 wp-block-buttons-is-layout-flex\" style=\"border-radius: 19px;\" href=\"https:\/\/www.helloasso.com\/associations\/sonomundo\/collectes\/participation-au-financement-de-la-troisieme-edition-du-festival-sonomundo\">Nous soutenir<\/a>\n\n\n\n\n\n\n\n\n<p><\/p>\n","protected":false},"excerpt":{"rendered":"<p>Nous soutenir En soutenant la troisi\u00e8me \u00e9dition du Festival organis\u00e9 par l\u2019Association SONOMUNDO, vous rejoignez une communaut\u00e9 anim\u00e9e par le d\u00e9sir de faire dialoguer cultures, arts, cr\u00e9ations et musiques. SONOMUNDO s\u2019est fix\u00e9 trois objectifs principaux : Chaque personne soutenant le Festival SONOMUNDO peut devenir un acteur dans ce projet d&#8217;\u00e9mergence de nouveaux talents. Le montant &hellip; <\/p>\n<p class=\"link-more\"><a href=\"https:\/\/festivalsonomundo.com\/index.php\/nous-soutenir\/\" class=\"more-link\">Read more<span class=\"screen-reader-text\"> &#8220;Nous soutenir 2024&#8221;<\/span><\/a><\/p>\n","protected":false},"author":1,"featured_media":0,"parent":0,"menu_order":0,"comment_status":"closed","ping_status":"closed","template":"page-templates\/full-width-no-title.php","meta":{"footnotes":""},"class_list":["post-12","page","type-page","status-publish","hentry"],"yoast_head":"<!-- This site is optimized with the Yoast SEO plugin v25.9 - https:\/\/yoast.com\/wordpress\/plugins\/seo\/ -->\n<title>Nous soutenir 2024 - Festival SONOMUNDO<\/title>\n<meta name=\"robots\" content=\"index, follow, max-snippet:-1, max-image-preview:large, max-video-preview:-1\" \/>\n<link rel=\"canonical\" href=\"https:\/\/festivalsonomundo.com\/index.php\/nous-soutenir\/\" \/>\n<meta property=\"og:locale\" content=\"en_US\" \/>\n<meta property=\"og:type\" content=\"article\" \/>\n<meta property=\"og:title\" content=\"Nous soutenir 2024 - Festival SONOMUNDO\" \/>\n<meta property=\"og:description\" content=\"Nous soutenir En soutenant la troisi\u00e8me \u00e9dition du Festival organis\u00e9 par l\u2019Association SONOMUNDO, vous rejoignez une communaut\u00e9 anim\u00e9e par le d\u00e9sir de faire dialoguer cultures, arts, cr\u00e9ations et musiques. SONOMUNDO s\u2019est fix\u00e9 trois objectifs principaux : Chaque personne soutenant le Festival SONOMUNDO peut devenir un acteur dans ce projet d&#8217;\u00e9mergence de nouveaux talents. Le montant &hellip; Read more &quot;Nous soutenir 2024&quot;\" \/>\n<meta property=\"og:url\" content=\"https:\/\/festivalsonomundo.com\/index.php\/nous-soutenir\/\" \/>\n<meta property=\"og:site_name\" content=\"Festival SONOMUNDO\" \/>\n<meta property=\"article:publisher\" content=\"https:\/\/m.facebook.com\/p\/Festival-Sonomundo-100087265804317\/\" \/>\n<meta property=\"article:modified_time\" content=\"2025-09-19T20:14:51+00:00\" \/>\n<meta property=\"og:image\" content=\"https:\/\/festivalsonomundo.com\/wp-content\/uploads\/2022\/10\/cropped-BAT_SONOMUNDO_LOGO_OK.png\" \/>\n\t<meta property=\"og:image:width\" content=\"2025\" \/>\n\t<meta property=\"og:image:height\" content=\"745\" \/>\n\t<meta property=\"og:image:type\" content=\"image\/png\" \/>\n<meta name=\"twitter:card\" content=\"summary_large_image\" \/>\n<meta name=\"twitter:label1\" content=\"Est. reading time\" \/>\n\t<meta name=\"twitter:data1\" content=\"1 minute\" \/>\n<script type=\"application\/ld+json\" class=\"yoast-schema-graph\">{\"@context\":\"https:\/\/schema.org\",\"@graph\":[{\"@type\":\"WebPage\",\"@id\":\"https:\/\/festivalsonomundo.com\/index.php\/nous-soutenir\/\",\"url\":\"https:\/\/festivalsonomundo.com\/index.php\/nous-soutenir\/\",\"name\":\"Nous soutenir 2024 - Festival SONOMUNDO\",\"isPartOf\":{\"@id\":\"https:\/\/festivalsonomundo.com\/#website\"},\"datePublished\":\"2022-11-04T17:49:58+00:00\",\"dateModified\":\"2025-09-19T20:14:51+00:00\",\"breadcrumb\":{\"@id\":\"https:\/\/festivalsonomundo.com\/index.php\/nous-soutenir\/#breadcrumb\"},\"inLanguage\":\"en-US\",\"potentialAction\":[{\"@type\":\"ReadAction\",\"target\":[\"https:\/\/festivalsonomundo.com\/index.php\/nous-soutenir\/\"]}]},{\"@type\":\"BreadcrumbList\",\"@id\":\"https:\/\/festivalsonomundo.com\/index.php\/nous-soutenir\/#breadcrumb\",\"itemListElement\":[{\"@type\":\"ListItem\",\"position\":1,\"name\":\"Home\",\"item\":\"https:\/\/festivalsonomundo.com\/\"},{\"@type\":\"ListItem\",\"position\":2,\"name\":\"Nous soutenir 2024\"}]},{\"@type\":\"WebSite\",\"@id\":\"https:\/\/festivalsonomundo.com\/#website\",\"url\":\"https:\/\/festivalsonomundo.com\/\",\"name\":\"Festival SONOMUNDO\",\"description\":\"27, 28, 29 novembre 2025  Biblioth\u00e8que musicale La Grange-Fleuret\",\"publisher\":{\"@id\":\"https:\/\/festivalsonomundo.com\/#organization\"},\"potentialAction\":[{\"@type\":\"SearchAction\",\"target\":{\"@type\":\"EntryPoint\",\"urlTemplate\":\"https:\/\/festivalsonomundo.com\/?s={search_term_string}\"},\"query-input\":{\"@type\":\"PropertyValueSpecification\",\"valueRequired\":true,\"valueName\":\"search_term_string\"}}],\"inLanguage\":\"en-US\"},{\"@type\":\"Organization\",\"@id\":\"https:\/\/festivalsonomundo.com\/#organization\",\"name\":\"SONOMUNDO\",\"url\":\"https:\/\/festivalsonomundo.com\/\",\"logo\":{\"@type\":\"ImageObject\",\"inLanguage\":\"en-US\",\"@id\":\"https:\/\/festivalsonomundo.com\/#\/schema\/logo\/image\/\",\"url\":\"https:\/\/festivalsonomundo.com\/wp-content\/uploads\/2022\/10\/BAT_SONOMUNDO_LOGO_OK.png\",\"contentUrl\":\"https:\/\/festivalsonomundo.com\/wp-content\/uploads\/2022\/10\/BAT_SONOMUNDO_LOGO_OK.png\",\"width\":2141,\"height\":886,\"caption\":\"SONOMUNDO\"},\"image\":{\"@id\":\"https:\/\/festivalsonomundo.com\/#\/schema\/logo\/image\/\"},\"sameAs\":[\"https:\/\/m.facebook.com\/p\/Festival-Sonomundo-100087265804317\/\",\"https:\/\/www.instagram.com\/festivalsonomundo\/\"]}]}<\/script>\n<!-- \/ Yoast SEO plugin. -->","yoast_head_json":{"title":"Nous soutenir 2024 - Festival SONOMUNDO","robots":{"index":"index","follow":"follow","max-snippet":"max-snippet:-1","max-image-preview":"max-image-preview:large","max-video-preview":"max-video-preview:-1"},"canonical":"https:\/\/festivalsonomundo.com\/index.php\/nous-soutenir\/","og_locale":"en_US","og_type":"article","og_title":"Nous soutenir 2024 - Festival SONOMUNDO","og_description":"Nous soutenir En soutenant la troisi\u00e8me \u00e9dition du Festival organis\u00e9 par l\u2019Association SONOMUNDO, vous rejoignez une communaut\u00e9 anim\u00e9e par le d\u00e9sir de faire dialoguer cultures, arts, cr\u00e9ations et musiques. SONOMUNDO s\u2019est fix\u00e9 trois objectifs principaux : Chaque personne soutenant le Festival SONOMUNDO peut devenir un acteur dans ce projet d&#8217;\u00e9mergence de nouveaux talents. Le montant &hellip; Read more \"Nous soutenir 2024\"","og_url":"https:\/\/festivalsonomundo.com\/index.php\/nous-soutenir\/","og_site_name":"Festival SONOMUNDO","article_publisher":"https:\/\/m.facebook.com\/p\/Festival-Sonomundo-100087265804317\/","article_modified_time":"2025-09-19T20:14:51+00:00","og_image":[{"width":2025,"height":745,"url":"https:\/\/festivalsonomundo.com\/wp-content\/uploads\/2022\/10\/cropped-BAT_SONOMUNDO_LOGO_OK.png","type":"image\/png"}],"twitter_card":"summary_large_image","twitter_misc":{"Est. reading time":"1 minute"},"schema":{"@context":"https:\/\/schema.org","@graph":[{"@type":"WebPage","@id":"https:\/\/festivalsonomundo.com\/index.php\/nous-soutenir\/","url":"https:\/\/festivalsonomundo.com\/index.php\/nous-soutenir\/","name":"Nous soutenir 2024 - Festival SONOMUNDO","isPartOf":{"@id":"https:\/\/festivalsonomundo.com\/#website"},"datePublished":"2022-11-04T17:49:58+00:00","dateModified":"2025-09-19T20:14:51+00:00","breadcrumb":{"@id":"https:\/\/festivalsonomundo.com\/index.php\/nous-soutenir\/#breadcrumb"},"inLanguage":"en-US","potentialAction":[{"@type":"ReadAction","target":["https:\/\/festivalsonomundo.com\/index.php\/nous-soutenir\/"]}]},{"@type":"BreadcrumbList","@id":"https:\/\/festivalsonomundo.com\/index.php\/nous-soutenir\/#breadcrumb","itemListElement":[{"@type":"ListItem","position":1,"name":"Home","item":"https:\/\/festivalsonomundo.com\/"},{"@type":"ListItem","position":2,"name":"Nous soutenir 2024"}]},{"@type":"WebSite","@id":"https:\/\/festivalsonomundo.com\/#website","url":"https:\/\/festivalsonomundo.com\/","name":"Festival SONOMUNDO","description":"27, 28, 29 novembre 2025  Biblioth\u00e8que musicale La Grange-Fleuret","publisher":{"@id":"https:\/\/festivalsonomundo.com\/#organization"},"potentialAction":[{"@type":"SearchAction","target":{"@type":"EntryPoint","urlTemplate":"https:\/\/festivalsonomundo.com\/?s={search_term_string}"},"query-input":{"@type":"PropertyValueSpecification","valueRequired":true,"valueName":"search_term_string"}}],"inLanguage":"en-US"},{"@type":"Organization","@id":"https:\/\/festivalsonomundo.com\/#organization","name":"SONOMUNDO","url":"https:\/\/festivalsonomundo.com\/","logo":{"@type":"ImageObject","inLanguage":"en-US","@id":"https:\/\/festivalsonomundo.com\/#\/schema\/logo\/image\/","url":"https:\/\/festivalsonomundo.com\/wp-content\/uploads\/2022\/10\/BAT_SONOMUNDO_LOGO_OK.png","contentUrl":"https:\/\/festivalsonomundo.com\/wp-content\/uploads\/2022\/10\/BAT_SONOMUNDO_LOGO_OK.png","width":2141,"height":886,"caption":"SONOMUNDO"},"image":{"@id":"https:\/\/festivalsonomundo.com\/#\/schema\/logo\/image\/"},"sameAs":["https:\/\/m.facebook.com\/p\/Festival-Sonomundo-100087265804317\/","https:\/\/www.instagram.com\/festivalsonomundo\/"]}]}},"_links":{"self":[{"href":"https:\/\/festivalsonomundo.com\/index.php\/wp-json\/wp\/v2\/pages\/12","targetHints":{"allow":["GET"]}}],"collection":[{"href":"https:\/\/festivalsonomundo.com\/index.php\/wp-json\/wp\/v2\/pages"}],"about":[{"href":"https:\/\/festivalsonomundo.com\/index.php\/wp-json\/wp\/v2\/types\/page"}],"author":[{"embeddable":true,"href":"https:\/\/festivalsonomundo.com\/index.php\/wp-json\/wp\/v2\/users\/1"}],"replies":[{"embeddable":true,"href":"https:\/\/festivalsonomundo.com\/index.php\/wp-json\/wp\/v2\/comments?post=12"}],"version-history":[{"count":49,"href":"https:\/\/festivalsonomundo.com\/index.php\/wp-json\/wp\/v2\/pages\/12\/revisions"}],"predecessor-version":[{"id":2165,"href":"https:\/\/festivalsonomundo.com\/index.php\/wp-json\/wp\/v2\/pages\/12\/revisions\/2165"}],"wp:attachment":[{"href":"https:\/\/festivalsonomundo.com\/index.php\/wp-json\/wp\/v2\/media?parent=12"}],"curies":[{"name":"wp","href":"https:\/\/api.w.org\/{rel}","templated":true}]}}