{"id":1311,"date":"2024-09-24T10:58:30","date_gmt":"2024-09-24T08:58:30","guid":{"rendered":"https:\/\/festivalsonomundo.com\/?page_id=1311"},"modified":"2025-11-07T12:20:39","modified_gmt":"2025-11-07T11:20:39","slug":"edition-2024","status":"publish","type":"page","link":"https:\/\/festivalsonomundo.com\/index.php\/edition-2024\/","title":{"rendered":"\u00c9dition 2024"},"content":{"rendered":"\t\t<div data-elementor-type=\"wp-page\" data-elementor-id=\"1311\" class=\"elementor elementor-1311\">\n\t\t\t\t\t\t<section class=\"elementor-section elementor-top-section elementor-element elementor-element-1798bfc elementor-section-boxed elementor-section-height-default elementor-section-height-default\" data-id=\"1798bfc\" data-element_type=\"section\">\n\t\t\t\t\t\t<div class=\"elementor-container elementor-column-gap-default\">\n\t\t\t\t\t<div class=\"elementor-column elementor-col-100 elementor-top-column elementor-element elementor-element-44aac76\" data-id=\"44aac76\" data-element_type=\"column\">\n\t\t\t<div class=\"elementor-widget-wrap elementor-element-populated\">\n\t\t\t\t\t\t<div class=\"elementor-element elementor-element-9fa4779 elementor-widget elementor-widget-spacer\" data-id=\"9fa4779\" data-element_type=\"widget\" data-widget_type=\"spacer.default\">\n\t\t\t\t<div class=\"elementor-widget-container\">\n\t\t\t\t\t\t\t<div class=\"elementor-spacer\">\n\t\t\t<div class=\"elementor-spacer-inner\"><\/div>\n\t\t<\/div>\n\t\t\t\t\t\t<\/div>\n\t\t\t\t<\/div>\n\t\t\t\t\t<\/div>\n\t\t<\/div>\n\t\t\t\t\t<\/div>\n\t\t<\/section>\n\t\t\t\t<section class=\"elementor-section elementor-top-section elementor-element elementor-element-89ee69d elementor-section-boxed elementor-section-height-default elementor-section-height-default\" data-id=\"89ee69d\" data-element_type=\"section\">\n\t\t\t\t\t\t<div class=\"elementor-container elementor-column-gap-default\">\n\t\t\t\t\t<div class=\"elementor-column elementor-col-100 elementor-top-column elementor-element elementor-element-d3b9354\" data-id=\"d3b9354\" data-element_type=\"column\">\n\t\t\t<div class=\"elementor-widget-wrap elementor-element-populated\">\n\t\t\t\t\t\t<div class=\"elementor-element elementor-element-d1207f1 elementor-widget elementor-widget-text-editor\" data-id=\"d1207f1\" data-element_type=\"widget\" data-widget_type=\"text-editor.default\">\n\t\t\t\t<div class=\"elementor-widget-container\">\n\t\t\t\t\t\t\t\t\t<h2 class=\"wp-block-heading has-text-align-left has-black-color has-text-color\" style=\"font-size: 25px; font-style: normal; font-weight: bold; letter-spacing: 1px; text-align: left;\">L\u2019\u00e9dition 2024 du festival Sonomundo se tiendra du jeudi 28 au samedi 30 novembre \u00e0 la Biblioth\u00e8que Musicale La Grange-Fleuret, situ\u00e9e dans le 8\u00e8me arrondissement de Paris.<\/h2>\t\t\t\t\t\t\t\t<\/div>\n\t\t\t\t<\/div>\n\t\t\t\t\t<\/div>\n\t\t<\/div>\n\t\t\t\t\t<\/div>\n\t\t<\/section>\n\t\t\t\t<section class=\"elementor-section elementor-top-section elementor-element elementor-element-20014b1 elementor-section-boxed elementor-section-height-default elementor-section-height-default\" data-id=\"20014b1\" data-element_type=\"section\">\n\t\t\t\t\t\t<div class=\"elementor-container elementor-column-gap-default\">\n\t\t\t\t\t<div class=\"elementor-column elementor-col-100 elementor-top-column elementor-element elementor-element-2df210e\" data-id=\"2df210e\" data-element_type=\"column\">\n\t\t\t<div class=\"elementor-widget-wrap elementor-element-populated\">\n\t\t\t\t\t\t<div class=\"elementor-element elementor-element-53950ab elementor-widget elementor-widget-text-editor\" data-id=\"53950ab\" data-element_type=\"widget\" data-widget_type=\"text-editor.default\">\n\t\t\t\t<div class=\"elementor-widget-container\">\n\t\t\t\t\t\t\t\t\t<p>Cette \u00e9dition proposera au public de d\u00e9couvrir de nouveaux itin\u00e9raires musicaux, les conduisant du Br\u00e9sil aux \u00c9tats-Unis, du Japon au P\u00e9rou, de la Russie \u00e0 la France en passant par la Gr\u00e8ce. Ces <strong><em>Harmonies Ouest-Est<\/em><\/strong> seront d\u00e9clin\u00e9es en quatre voyages, r\u00e9partis sur trois soir\u00e9es.<\/p>\t\t\t\t\t\t\t\t<\/div>\n\t\t\t\t<\/div>\n\t\t\t\t\t<\/div>\n\t\t<\/div>\n\t\t\t\t\t<\/div>\n\t\t<\/section>\n\t\t\t\t<section class=\"elementor-section elementor-top-section elementor-element elementor-element-46f8e05 elementor-section-boxed elementor-section-height-default elementor-section-height-default\" data-id=\"46f8e05\" data-element_type=\"section\">\n\t\t\t\t\t\t<div class=\"elementor-container elementor-column-gap-default\">\n\t\t\t\t\t<div class=\"elementor-column elementor-col-50 elementor-top-column elementor-element elementor-element-269150b\" data-id=\"269150b\" data-element_type=\"column\">\n\t\t\t<div class=\"elementor-widget-wrap elementor-element-populated\">\n\t\t\t\t\t\t<div class=\"elementor-element elementor-element-b8148fb elementor-widget elementor-widget-text-editor\" data-id=\"b8148fb\" data-element_type=\"widget\" data-widget_type=\"text-editor.default\">\n\t\t\t\t<div class=\"elementor-widget-container\">\n\t\t\t\t\t\t\t\t\t<div class=\"wp-block-column has-black-color has-text-color has-link-color\">\n<div style=\"text-align: justify;\">\n<div style=\"text-align: justify;\">A cette occasion seront interpr\u00e9t\u00e9es les \u0153uvres du c\u00e9l\u00e8bre compositeur br\u00e9silien\u00a0<b>Heitor Villa-Lobos<\/b>\u00a0ainsi que des compositeurs d\u2019origine p\u00e9ruvienne\u00a0<b>Maria Alejandra Castro Espejo<\/b>\u00a0et\u00a0<b>Juan Arroyo<\/b>. Pour ces deux artistes, il s\u2019agira respectivement d\u2019une cr\u00e9ation mondiale et d\u2019une cr\u00e9ation parisienne.<\/div>\n<div style=\"text-align: justify;\">En ouverture de cette soir\u00e9e, le Festival Sonomundo donnera carte blanche \u00e0 l\u2019Ambassade du P\u00e9rou et \u00e0 deux jeunes compositeurs p\u00e9ruviens,\u00a0<b>P\u00eda Alvarado<\/b>\u00a0et\u00a0<b>Mark Contreras Waiss<\/b>. Ces deux jeunes artistes nous pr\u00e9senteront des \u0153uvres inspir\u00e9es des po\u00e8mes de\u00a0<b>Jorge Eduardo Eielson<\/b>\u00a0dont nous f\u00eatons cette ann\u00e9e le centenaire de la naissance.<\/div>\n<div style=\"text-align: justify;\">Ce voyage offrira\u00a0\u00e9galement l\u2019occasion, entre les deux programmes, de partager un moment de convivialit\u00e9 et d\u2019\u00e9change autour d\u2019un cocktail p\u00e9ruvien offert par\u00a0<b>l\u2019Ambassade du P\u00e9rou<\/b>. Ce cocktail sera servi \u00e0 partir de 20h00.<\/div>\n<div>\u00a0<\/div>\n<\/div>\n<div style=\"text-align: justify;\">La deuxi\u00e8me soir\u00e9e d\u2019Harmonies Ouest-Est nous conduira tout d\u2019abord \u00e0 l\u2019est du Vieux Continent.<\/div>\n<div style=\"text-align: justify;\">Nous irons \u00e0 la rencontre de\u00a0<b>Sofia Gouba\u00efdoulina<\/b>, compositrice n\u00e9e en Russie \u00e0 l\u2019\u00e9poque de L&#8217;Union sovi\u00e9tique et vivant en Allemagne depuis plusieurs d\u00e9cennies. Son \u0153uvre <em>Rejoice!<\/em> pour violon et violoncelle sera interpr\u00e9t\u00e9e dans une mise en sc\u00e8ne recourant \u00e0 la vid\u00e9o.<\/div>\n<div style=\"text-align: justify;\">Cette pi\u00e8ce fascinante sera suivie d\u2019une composition de jeunesse de\u00a0<b>Iannis Xenakis<\/b>, puis de la cr\u00e9ation d\u2019un jeune artiste fran\u00e7ais, <b>Othman Louati.<\/b><\/div>\n<div style=\"text-align: justify;\">Nous embarquerons ensuite vers les Etats-Unis, qui seront au programme de la deuxi\u00e8me partie de cette soir\u00e9e.<\/div>\n<div style=\"text-align: justify;\">Nous retrouverons ainsi le Nouveau monde, mais au travers cette fois d\u2019\u0153uvres de compositrices et compositeurs am\u00e9ricains tels que\u00a0<b>Amy Beach, Aaron Copland, George Gershwin<\/b>\u00a0ou encore\u00a0<b>Elliott Carter<\/b>. <strong>John Adams<\/strong> nous invitera \u00e0 contempler ses \u00ab China Gates \u00bb et nous partagerons \u00e9galement un moment de \u00ab Ragtime \u00bb avec <b>Igor Stravinsky<\/b>.\u00a0Ce programme sera enfin l\u2019occasion de d\u00e9couvrir deux \u0153uvres &#8211; dont une cr\u00e9ation mondiale &#8211; de\u00a0<b>Sato Matsui<\/b>, jeune compositrice am\u00e9ricano-japonaise.<\/div>\n<div style=\"text-align: justify;\">Entre les deux voyages \u00e0 l\u2019affiche de cette soir\u00e9e, un cocktail sera propos\u00e9 au public \u00e0 partir de 20h00.<\/div>\n<\/div>\t\t\t\t\t\t\t\t<\/div>\n\t\t\t\t<\/div>\n\t\t\t\t\t<\/div>\n\t\t<\/div>\n\t\t\t\t<div class=\"elementor-column elementor-col-50 elementor-top-column elementor-element elementor-element-f93aa2c\" data-id=\"f93aa2c\" data-element_type=\"column\">\n\t\t\t<div class=\"elementor-widget-wrap elementor-element-populated\">\n\t\t\t\t\t\t<div class=\"elementor-element elementor-element-bac3d1f elementor-widget elementor-widget-text-editor\" data-id=\"bac3d1f\" data-element_type=\"widget\" data-widget_type=\"text-editor.default\">\n\t\t\t\t<div class=\"elementor-widget-container\">\n\t\t\t\t\t\t\t\t\t<div style=\"text-align: justify;\">La troisi\u00e8me et derni\u00e8re soir\u00e9e d\u2019<b>Harmonies Ouest-Est<\/b>\u00a0s\u2019inscrira en reflet des deux pr\u00e9c\u00e9dentes.\u00a0<\/div>\n<div style=\"text-align: justify;\">Elle d\u00e9butera par une nouvelle carte blanche, offerte cette fois aux jeunes artistes de\u00a0<b>La Fondation des Etats-Unis<\/b>\u00a0avec laquelle Sonomundo a r\u00e9cemment nou\u00e9 des liens de coop\u00e9ration.<\/div>\n<div style=\"text-align: justify;\">La deuxi\u00e8me partie de cette soir\u00e9e nous fera revenir en Europe, dans sa partie la plus occidentale, avec une adaptation originale du Tombeau de Couperin de\u00a0<b>Maurice Ravel<\/b>, suivie d\u2019une \u0153uvre pour voix et instruments de la compositrice britannique\u00a0<b>Charlotte Bray<\/b>. Deux cr\u00e9ations mondiales des compositeurs fran\u00e7ais <b>Antonin Rey<\/b>\u00a0et\u00a0<b>Vincent Trollet<\/b>\u00a0viendront conclure le festival.<\/div>\n<div style=\"text-align: justify;\">Un cocktail sera organis\u00e9 entre les deux \u00e9v\u00e8nements et d\u00e9butera \u00e0 20h00.<\/div>\t\t\t\t\t\t\t\t<\/div>\n\t\t\t\t<\/div>\n\t\t\t\t\t<\/div>\n\t\t<\/div>\n\t\t\t\t\t<\/div>\n\t\t<\/section>\n\t\t\t\t<section class=\"elementor-section elementor-top-section elementor-element elementor-element-303f876 elementor-section-boxed elementor-section-height-default elementor-section-height-default\" data-id=\"303f876\" data-element_type=\"section\">\n\t\t\t\t\t\t<div class=\"elementor-container elementor-column-gap-default\">\n\t\t\t\t\t<div class=\"elementor-column elementor-col-100 elementor-top-column elementor-element elementor-element-a27bb75\" data-id=\"a27bb75\" data-element_type=\"column\">\n\t\t\t<div class=\"elementor-widget-wrap elementor-element-populated\">\n\t\t\t\t\t\t<div class=\"elementor-element elementor-element-efe322f elementor-align-center elementor-widget elementor-widget-button\" data-id=\"efe322f\" data-element_type=\"widget\" data-widget_type=\"button.default\">\n\t\t\t\t<div class=\"elementor-widget-container\">\n\t\t\t\t\t\t\t\t\t<div class=\"elementor-button-wrapper\">\n\t\t\t\t\t<a class=\"elementor-button elementor-button-link elementor-size-sm\" href=\"https:\/\/festivalsonomundo.com\/index.php\/programme-2024\/\">\n\t\t\t\t\t\t<span class=\"elementor-button-content-wrapper\">\n\t\t\t\t\t\t\t\t\t<span class=\"elementor-button-text\">Programme d\u00e9taill\u00e9<\/span>\n\t\t\t\t\t<\/span>\n\t\t\t\t\t<\/a>\n\t\t\t\t<\/div>\n\t\t\t\t\t\t\t\t<\/div>\n\t\t\t\t<\/div>\n\t\t\t\t\t<\/div>\n\t\t<\/div>\n\t\t\t\t\t<\/div>\n\t\t<\/section>\n\t\t\t\t<section class=\"elementor-section elementor-top-section elementor-element elementor-element-3271472 elementor-section-boxed elementor-section-height-default elementor-section-height-default\" data-id=\"3271472\" data-element_type=\"section\">\n\t\t\t\t\t\t<div class=\"elementor-container elementor-column-gap-default\">\n\t\t\t\t\t<div class=\"elementor-column elementor-col-100 elementor-top-column elementor-element elementor-element-3c43008\" data-id=\"3c43008\" data-element_type=\"column\">\n\t\t\t<div class=\"elementor-widget-wrap elementor-element-populated\">\n\t\t\t\t\t\t<div class=\"elementor-element elementor-element-2015005 elementor-align-center elementor-widget elementor-widget-button\" data-id=\"2015005\" data-element_type=\"widget\" data-widget_type=\"button.default\">\n\t\t\t\t<div class=\"elementor-widget-container\">\n\t\t\t\t\t\t\t\t\t<div class=\"elementor-button-wrapper\">\n\t\t\t\t\t<a class=\"elementor-button elementor-button-link elementor-size-sm\" href=\"https:\/\/www.helloasso.com\/associations\/sonomundo\/evenements\/festival-sonomundo-2024\">\n\t\t\t\t\t\t<span class=\"elementor-button-content-wrapper\">\n\t\t\t\t\t\t\t\t\t<span class=\"elementor-button-text\">R\u00e9server<\/span>\n\t\t\t\t\t<\/span>\n\t\t\t\t\t<\/a>\n\t\t\t\t<\/div>\n\t\t\t\t\t\t\t\t<\/div>\n\t\t\t\t<\/div>\n\t\t\t\t<div class=\"elementor-element elementor-element-2e84fe6 elementor-widget elementor-widget-spacer\" data-id=\"2e84fe6\" data-element_type=\"widget\" data-widget_type=\"spacer.default\">\n\t\t\t\t<div class=\"elementor-widget-container\">\n\t\t\t\t\t\t\t<div class=\"elementor-spacer\">\n\t\t\t<div class=\"elementor-spacer-inner\"><\/div>\n\t\t<\/div>\n\t\t\t\t\t\t<\/div>\n\t\t\t\t<\/div>\n\t\t\t\t\t<\/div>\n\t\t<\/div>\n\t\t\t\t\t<\/div>\n\t\t<\/section>\n\t\t\t\t<\/div>\n\t\t","protected":false},"excerpt":{"rendered":"<p>L\u2019\u00e9dition 2024 du festival Sonomundo se tiendra du jeudi 28 au samedi 30 novembre \u00e0 la Biblioth\u00e8que Musicale La Grange-Fleuret, situ\u00e9e dans le 8\u00e8me arrondissement de Paris. Cette \u00e9dition proposera au public de d\u00e9couvrir de nouveaux itin\u00e9raires musicaux, les conduisant du Br\u00e9sil aux \u00c9tats-Unis, du Japon au P\u00e9rou, de la Russie \u00e0 la France en &hellip; <\/p>\n<p class=\"link-more\"><a href=\"https:\/\/festivalsonomundo.com\/index.php\/edition-2024\/\" class=\"more-link\">Read more<span class=\"screen-reader-text\"> &#8220;\u00c9dition 2024&#8221;<\/span><\/a><\/p>\n","protected":false},"author":1,"featured_media":0,"parent":0,"menu_order":0,"comment_status":"closed","ping_status":"closed","template":"elementor_theme","meta":{"footnotes":""},"class_list":["post-1311","page","type-page","status-publish","hentry"],"yoast_head":"<!-- This site is optimized with the Yoast SEO plugin v25.9 - https:\/\/yoast.com\/wordpress\/plugins\/seo\/ -->\n<title>\u00c9dition 2024 - Festival SONOMUNDO<\/title>\n<meta name=\"robots\" content=\"noindex, follow\" \/>\n<meta property=\"og:locale\" content=\"en_US\" \/>\n<meta property=\"og:type\" content=\"article\" \/>\n<meta property=\"og:title\" content=\"\u00c9dition 2024 - Festival SONOMUNDO\" \/>\n<meta property=\"og:description\" content=\"L\u2019\u00e9dition 2024 du festival Sonomundo se tiendra du jeudi 28 au samedi 30 novembre \u00e0 la Biblioth\u00e8que Musicale La Grange-Fleuret, situ\u00e9e dans le 8\u00e8me arrondissement de Paris. Cette \u00e9dition proposera au public de d\u00e9couvrir de nouveaux itin\u00e9raires musicaux, les conduisant du Br\u00e9sil aux \u00c9tats-Unis, du Japon au P\u00e9rou, de la Russie \u00e0 la France en &hellip; Read more &quot;\u00c9dition 2024&quot;\" \/>\n<meta property=\"og:url\" content=\"https:\/\/festivalsonomundo.com\/index.php\/edition-2024\/\" \/>\n<meta property=\"og:site_name\" content=\"Festival SONOMUNDO\" \/>\n<meta property=\"article:publisher\" content=\"https:\/\/m.facebook.com\/p\/Festival-Sonomundo-100087265804317\/\" \/>\n<meta property=\"article:modified_time\" content=\"2025-11-07T11:20:39+00:00\" \/>\n<meta property=\"og:image\" content=\"https:\/\/festivalsonomundo.com\/wp-content\/uploads\/2022\/10\/cropped-BAT_SONOMUNDO_LOGO_OK.png\" \/>\n\t<meta property=\"og:image:width\" content=\"2025\" \/>\n\t<meta property=\"og:image:height\" content=\"745\" \/>\n\t<meta property=\"og:image:type\" content=\"image\/png\" \/>\n<meta name=\"twitter:card\" content=\"summary_large_image\" \/>\n<meta name=\"twitter:label1\" content=\"Est. reading time\" \/>\n\t<meta name=\"twitter:data1\" content=\"3 minutes\" \/>\n<script type=\"application\/ld+json\" class=\"yoast-schema-graph\">{\"@context\":\"https:\/\/schema.org\",\"@graph\":[{\"@type\":\"WebPage\",\"@id\":\"https:\/\/festivalsonomundo.com\/index.php\/edition-2024\/\",\"url\":\"https:\/\/festivalsonomundo.com\/index.php\/edition-2024\/\",\"name\":\"\u00c9dition 2024 - Festival SONOMUNDO\",\"isPartOf\":{\"@id\":\"https:\/\/festivalsonomundo.com\/#website\"},\"datePublished\":\"2024-09-24T08:58:30+00:00\",\"dateModified\":\"2025-11-07T11:20:39+00:00\",\"breadcrumb\":{\"@id\":\"https:\/\/festivalsonomundo.com\/index.php\/edition-2024\/#breadcrumb\"},\"inLanguage\":\"en-US\",\"potentialAction\":[{\"@type\":\"ReadAction\",\"target\":[\"https:\/\/festivalsonomundo.com\/index.php\/edition-2024\/\"]}]},{\"@type\":\"BreadcrumbList\",\"@id\":\"https:\/\/festivalsonomundo.com\/index.php\/edition-2024\/#breadcrumb\",\"itemListElement\":[{\"@type\":\"ListItem\",\"position\":1,\"name\":\"Home\",\"item\":\"https:\/\/festivalsonomundo.com\/\"},{\"@type\":\"ListItem\",\"position\":2,\"name\":\"\u00c9dition 2024\"}]},{\"@type\":\"WebSite\",\"@id\":\"https:\/\/festivalsonomundo.com\/#website\",\"url\":\"https:\/\/festivalsonomundo.com\/\",\"name\":\"Festival SONOMUNDO\",\"description\":\"27, 28, 29 novembre 2025  Biblioth\u00e8que musicale La Grange-Fleuret\",\"publisher\":{\"@id\":\"https:\/\/festivalsonomundo.com\/#organization\"},\"potentialAction\":[{\"@type\":\"SearchAction\",\"target\":{\"@type\":\"EntryPoint\",\"urlTemplate\":\"https:\/\/festivalsonomundo.com\/?s={search_term_string}\"},\"query-input\":{\"@type\":\"PropertyValueSpecification\",\"valueRequired\":true,\"valueName\":\"search_term_string\"}}],\"inLanguage\":\"en-US\"},{\"@type\":\"Organization\",\"@id\":\"https:\/\/festivalsonomundo.com\/#organization\",\"name\":\"SONOMUNDO\",\"url\":\"https:\/\/festivalsonomundo.com\/\",\"logo\":{\"@type\":\"ImageObject\",\"inLanguage\":\"en-US\",\"@id\":\"https:\/\/festivalsonomundo.com\/#\/schema\/logo\/image\/\",\"url\":\"https:\/\/festivalsonomundo.com\/wp-content\/uploads\/2022\/10\/BAT_SONOMUNDO_LOGO_OK.png\",\"contentUrl\":\"https:\/\/festivalsonomundo.com\/wp-content\/uploads\/2022\/10\/BAT_SONOMUNDO_LOGO_OK.png\",\"width\":2141,\"height\":886,\"caption\":\"SONOMUNDO\"},\"image\":{\"@id\":\"https:\/\/festivalsonomundo.com\/#\/schema\/logo\/image\/\"},\"sameAs\":[\"https:\/\/m.facebook.com\/p\/Festival-Sonomundo-100087265804317\/\",\"https:\/\/www.instagram.com\/festivalsonomundo\/\"]}]}<\/script>\n<!-- \/ Yoast SEO plugin. -->","yoast_head_json":{"title":"\u00c9dition 2024 - Festival SONOMUNDO","robots":{"index":"noindex","follow":"follow"},"og_locale":"en_US","og_type":"article","og_title":"\u00c9dition 2024 - Festival SONOMUNDO","og_description":"L\u2019\u00e9dition 2024 du festival Sonomundo se tiendra du jeudi 28 au samedi 30 novembre \u00e0 la Biblioth\u00e8que Musicale La Grange-Fleuret, situ\u00e9e dans le 8\u00e8me arrondissement de Paris. Cette \u00e9dition proposera au public de d\u00e9couvrir de nouveaux itin\u00e9raires musicaux, les conduisant du Br\u00e9sil aux \u00c9tats-Unis, du Japon au P\u00e9rou, de la Russie \u00e0 la France en &hellip; Read more \"\u00c9dition 2024\"","og_url":"https:\/\/festivalsonomundo.com\/index.php\/edition-2024\/","og_site_name":"Festival SONOMUNDO","article_publisher":"https:\/\/m.facebook.com\/p\/Festival-Sonomundo-100087265804317\/","article_modified_time":"2025-11-07T11:20:39+00:00","og_image":[{"width":2025,"height":745,"url":"https:\/\/festivalsonomundo.com\/wp-content\/uploads\/2022\/10\/cropped-BAT_SONOMUNDO_LOGO_OK.png","type":"image\/png"}],"twitter_card":"summary_large_image","twitter_misc":{"Est. reading time":"3 minutes"},"schema":{"@context":"https:\/\/schema.org","@graph":[{"@type":"WebPage","@id":"https:\/\/festivalsonomundo.com\/index.php\/edition-2024\/","url":"https:\/\/festivalsonomundo.com\/index.php\/edition-2024\/","name":"\u00c9dition 2024 - Festival SONOMUNDO","isPartOf":{"@id":"https:\/\/festivalsonomundo.com\/#website"},"datePublished":"2024-09-24T08:58:30+00:00","dateModified":"2025-11-07T11:20:39+00:00","breadcrumb":{"@id":"https:\/\/festivalsonomundo.com\/index.php\/edition-2024\/#breadcrumb"},"inLanguage":"en-US","potentialAction":[{"@type":"ReadAction","target":["https:\/\/festivalsonomundo.com\/index.php\/edition-2024\/"]}]},{"@type":"BreadcrumbList","@id":"https:\/\/festivalsonomundo.com\/index.php\/edition-2024\/#breadcrumb","itemListElement":[{"@type":"ListItem","position":1,"name":"Home","item":"https:\/\/festivalsonomundo.com\/"},{"@type":"ListItem","position":2,"name":"\u00c9dition 2024"}]},{"@type":"WebSite","@id":"https:\/\/festivalsonomundo.com\/#website","url":"https:\/\/festivalsonomundo.com\/","name":"Festival SONOMUNDO","description":"27, 28, 29 novembre 2025  Biblioth\u00e8que musicale La Grange-Fleuret","publisher":{"@id":"https:\/\/festivalsonomundo.com\/#organization"},"potentialAction":[{"@type":"SearchAction","target":{"@type":"EntryPoint","urlTemplate":"https:\/\/festivalsonomundo.com\/?s={search_term_string}"},"query-input":{"@type":"PropertyValueSpecification","valueRequired":true,"valueName":"search_term_string"}}],"inLanguage":"en-US"},{"@type":"Organization","@id":"https:\/\/festivalsonomundo.com\/#organization","name":"SONOMUNDO","url":"https:\/\/festivalsonomundo.com\/","logo":{"@type":"ImageObject","inLanguage":"en-US","@id":"https:\/\/festivalsonomundo.com\/#\/schema\/logo\/image\/","url":"https:\/\/festivalsonomundo.com\/wp-content\/uploads\/2022\/10\/BAT_SONOMUNDO_LOGO_OK.png","contentUrl":"https:\/\/festivalsonomundo.com\/wp-content\/uploads\/2022\/10\/BAT_SONOMUNDO_LOGO_OK.png","width":2141,"height":886,"caption":"SONOMUNDO"},"image":{"@id":"https:\/\/festivalsonomundo.com\/#\/schema\/logo\/image\/"},"sameAs":["https:\/\/m.facebook.com\/p\/Festival-Sonomundo-100087265804317\/","https:\/\/www.instagram.com\/festivalsonomundo\/"]}]}},"_links":{"self":[{"href":"https:\/\/festivalsonomundo.com\/index.php\/wp-json\/wp\/v2\/pages\/1311","targetHints":{"allow":["GET"]}}],"collection":[{"href":"https:\/\/festivalsonomundo.com\/index.php\/wp-json\/wp\/v2\/pages"}],"about":[{"href":"https:\/\/festivalsonomundo.com\/index.php\/wp-json\/wp\/v2\/types\/page"}],"author":[{"embeddable":true,"href":"https:\/\/festivalsonomundo.com\/index.php\/wp-json\/wp\/v2\/users\/1"}],"replies":[{"embeddable":true,"href":"https:\/\/festivalsonomundo.com\/index.php\/wp-json\/wp\/v2\/comments?post=1311"}],"version-history":[{"count":41,"href":"https:\/\/festivalsonomundo.com\/index.php\/wp-json\/wp\/v2\/pages\/1311\/revisions"}],"predecessor-version":[{"id":2546,"href":"https:\/\/festivalsonomundo.com\/index.php\/wp-json\/wp\/v2\/pages\/1311\/revisions\/2546"}],"wp:attachment":[{"href":"https:\/\/festivalsonomundo.com\/index.php\/wp-json\/wp\/v2\/media?parent=1311"}],"curies":[{"name":"wp","href":"https:\/\/api.w.org\/{rel}","templated":true}]}}