{"id":588,"date":"2022-11-16T22:54:07","date_gmt":"2022-11-16T21:54:07","guid":{"rendered":"http:\/\/festivalsonomundo.com\/?page_id=588"},"modified":"2025-10-29T15:44:43","modified_gmt":"2025-10-29T14:44:43","slug":"presse","status":"publish","type":"page","link":"https:\/\/festivalsonomundo.com\/index.php\/infos-pratiques\/presse\/","title":{"rendered":"Presse"},"content":{"rendered":"\t\t<div data-elementor-type=\"wp-page\" data-elementor-id=\"588\" class=\"elementor elementor-588\">\n\t\t\t\t\t\t<section class=\"elementor-section elementor-top-section elementor-element elementor-element-61b16e8 elementor-section-boxed elementor-section-height-default elementor-section-height-default\" data-id=\"61b16e8\" data-element_type=\"section\">\n\t\t\t\t\t\t<div class=\"elementor-container elementor-column-gap-default\">\n\t\t\t\t\t<div class=\"elementor-column elementor-col-100 elementor-top-column elementor-element elementor-element-73a4aa6\" data-id=\"73a4aa6\" data-element_type=\"column\">\n\t\t\t<div class=\"elementor-widget-wrap elementor-element-populated\">\n\t\t\t\t\t\t<div class=\"elementor-element elementor-element-3f5680e elementor-widget elementor-widget-spacer\" data-id=\"3f5680e\" data-element_type=\"widget\" data-widget_type=\"spacer.default\">\n\t\t\t\t<div class=\"elementor-widget-container\">\n\t\t\t\t\t\t\t<div class=\"elementor-spacer\">\n\t\t\t<div class=\"elementor-spacer-inner\"><\/div>\n\t\t<\/div>\n\t\t\t\t\t\t<\/div>\n\t\t\t\t<\/div>\n\t\t\t\t\t<\/div>\n\t\t<\/div>\n\t\t\t\t\t<\/div>\n\t\t<\/section>\n\t\t\t\t<section class=\"elementor-section elementor-top-section elementor-element elementor-element-62e9f86 elementor-section-boxed elementor-section-height-default elementor-section-height-default\" data-id=\"62e9f86\" data-element_type=\"section\">\n\t\t\t\t\t\t<div class=\"elementor-container elementor-column-gap-default\">\n\t\t\t\t\t<div class=\"elementor-column elementor-col-100 elementor-top-column elementor-element elementor-element-debb910\" data-id=\"debb910\" data-element_type=\"column\">\n\t\t\t<div class=\"elementor-widget-wrap elementor-element-populated\">\n\t\t\t\t\t\t<div class=\"elementor-element elementor-element-429838f elementor-widget elementor-widget-heading\" data-id=\"429838f\" data-element_type=\"widget\" data-widget_type=\"heading.default\">\n\t\t\t\t<div class=\"elementor-widget-container\">\n\t\t\t\t\t<h1 class=\"elementor-heading-title elementor-size-default\">Presse<\/h1>\t\t\t\t<\/div>\n\t\t\t\t<\/div>\n\t\t\t\t\t<\/div>\n\t\t<\/div>\n\t\t\t\t\t<\/div>\n\t\t<\/section>\n\t\t\t\t<section class=\"elementor-section elementor-top-section elementor-element elementor-element-11976c9 elementor-section-boxed elementor-section-height-default elementor-section-height-default\" data-id=\"11976c9\" data-element_type=\"section\">\n\t\t\t\t\t\t<div class=\"elementor-container elementor-column-gap-default\">\n\t\t\t\t\t<div class=\"elementor-column elementor-col-50 elementor-top-column elementor-element elementor-element-7266166\" data-id=\"7266166\" data-element_type=\"column\">\n\t\t\t<div class=\"elementor-widget-wrap elementor-element-populated\">\n\t\t\t\t\t\t<div class=\"elementor-element elementor-element-4ccd13a elementor-widget elementor-widget-text-editor\" data-id=\"4ccd13a\" data-element_type=\"widget\" data-widget_type=\"text-editor.default\">\n\t\t\t\t<div class=\"elementor-widget-container\">\n\t\t\t\t\t\t\t\t\t<h3>Contact<\/h3><p><a href=\"mailto:sonomundo.prod@gmail.com\">sonomundo.prod@gmail.com<\/a><\/p><h3>Logo<\/h3><p><a href=\"https:\/\/festivalsonomundo.com\/wp-content\/uploads\/2022\/11\/SONOMUNDO_LOGO.png\">Logo Association Sonomundo<\/a> (PNG)<\/p>\t\t\t\t\t\t\t\t<\/div>\n\t\t\t\t<\/div>\n\t\t\t\t\t<\/div>\n\t\t<\/div>\n\t\t\t\t<div class=\"elementor-column elementor-col-50 elementor-top-column elementor-element elementor-element-5021841\" data-id=\"5021841\" data-element_type=\"column\">\n\t\t\t<div class=\"elementor-widget-wrap elementor-element-populated\">\n\t\t\t\t\t\t<div class=\"elementor-element elementor-element-de6088b elementor-widget elementor-widget-text-editor\" data-id=\"de6088b\" data-element_type=\"widget\" data-widget_type=\"text-editor.default\">\n\t\t\t\t<div class=\"elementor-widget-container\">\n\t\t\t\t\t\t\t\t\t<h3>Affiches<\/h3><p><a href=\"https:\/\/festivalsonomundo.com\/wp-content\/uploads\/2025\/10\/Affiche_generale_2025.png\">Affiche g\u00e9n\u00e9rale Festival Sonomundo 2025<\/a> (PNG)<\/p><p><a href=\"https:\/\/festivalsonomundo.com\/wp-content\/uploads\/2025\/10\/Affiche_Les_Chemins_des_Incas_2025.png\">Affiche Les Chemins des Incas 2025<\/a> (PNG)<\/p><p><a href=\"https:\/\/festivalsonomundo.com\/wp-content\/uploads\/2025\/10\/Affiche_Les_Routes_de_la_Soie_2025.png\">Affiche Les Routes de la Soie 2025<\/a> (PNG)<\/p><p><a href=\"https:\/\/festivalsonomundo.com\/wp-content\/uploads\/2025\/10\/Affiche_Les_Rivages_Mediterraneens_2025.png\">Affiche Les Rivages M\u00e9diterran\u00e9ens 2025<\/a> (PNG)<\/p><p><a href=\"https:\/\/festivalsonomundo.com\/wp-content\/uploads\/2025\/10\/Groupie.png\">Affiche Une Groupie au P\u00e9rou<\/a> (PNG)<\/p>\t\t\t\t\t\t\t\t<\/div>\n\t\t\t\t<\/div>\n\t\t\t\t\t<\/div>\n\t\t<\/div>\n\t\t\t\t\t<\/div>\n\t\t<\/section>\n\t\t\t\t<section class=\"elementor-section elementor-top-section elementor-element elementor-element-91f23bd elementor-section-boxed elementor-section-height-default elementor-section-height-default\" data-id=\"91f23bd\" data-element_type=\"section\">\n\t\t\t\t\t\t<div class=\"elementor-container elementor-column-gap-default\">\n\t\t\t\t\t<div class=\"elementor-column elementor-col-100 elementor-top-column elementor-element elementor-element-a35d87f\" data-id=\"a35d87f\" data-element_type=\"column\">\n\t\t\t<div class=\"elementor-widget-wrap elementor-element-populated\">\n\t\t\t\t\t\t<div class=\"elementor-element elementor-element-b291beb elementor-widget elementor-widget-spacer\" data-id=\"b291beb\" data-element_type=\"widget\" data-widget_type=\"spacer.default\">\n\t\t\t\t<div class=\"elementor-widget-container\">\n\t\t\t\t\t\t\t<div class=\"elementor-spacer\">\n\t\t\t<div class=\"elementor-spacer-inner\"><\/div>\n\t\t<\/div>\n\t\t\t\t\t\t<\/div>\n\t\t\t\t<\/div>\n\t\t\t\t\t<\/div>\n\t\t<\/div>\n\t\t\t\t\t<\/div>\n\t\t<\/section>\n\t\t\t\t<\/div>\n\t\t","protected":false},"excerpt":{"rendered":"<p>Presse Contact sonomundo.prod@gmail.com Logo Logo Association Sonomundo (PNG) Affiches Affiche g\u00e9n\u00e9rale Festival Sonomundo 2025 (PNG) Affiche Les Chemins des Incas 2025 (PNG) Affiche Les Routes de la Soie 2025 (PNG) Affiche Les Rivages M\u00e9diterran\u00e9ens 2025 (PNG) Affiche Une Groupie au P\u00e9rou (PNG)<\/p>\n","protected":false},"author":1,"featured_media":0,"parent":2,"menu_order":4,"comment_status":"closed","ping_status":"closed","template":"elementor_theme","meta":{"footnotes":""},"class_list":["post-588","page","type-page","status-publish","hentry"],"yoast_head":"<!-- This site is optimized with the Yoast SEO plugin v25.9 - https:\/\/yoast.com\/wordpress\/plugins\/seo\/ -->\n<title>Presse - Festival SONOMUNDO<\/title>\n<meta name=\"robots\" content=\"index, follow, max-snippet:-1, max-image-preview:large, max-video-preview:-1\" \/>\n<link rel=\"canonical\" href=\"https:\/\/festivalsonomundo.com\/index.php\/infos-pratiques\/presse\/\" \/>\n<meta property=\"og:locale\" content=\"en_US\" \/>\n<meta property=\"og:type\" content=\"article\" \/>\n<meta property=\"og:title\" content=\"Presse - Festival SONOMUNDO\" \/>\n<meta property=\"og:description\" content=\"Presse Contact sonomundo.prod@gmail.com Logo Logo Association Sonomundo (PNG) Affiches Affiche g\u00e9n\u00e9rale Festival Sonomundo 2025 (PNG) Affiche Les Chemins des Incas 2025 (PNG) Affiche Les Routes de la Soie 2025 (PNG) Affiche Les Rivages M\u00e9diterran\u00e9ens 2025 (PNG) Affiche Une Groupie au P\u00e9rou (PNG)\" \/>\n<meta property=\"og:url\" content=\"https:\/\/festivalsonomundo.com\/index.php\/infos-pratiques\/presse\/\" \/>\n<meta property=\"og:site_name\" content=\"Festival SONOMUNDO\" \/>\n<meta property=\"article:publisher\" content=\"https:\/\/m.facebook.com\/p\/Festival-Sonomundo-100087265804317\/\" \/>\n<meta property=\"article:modified_time\" content=\"2025-10-29T14:44:43+00:00\" \/>\n<meta property=\"og:image\" content=\"https:\/\/festivalsonomundo.com\/wp-content\/uploads\/2022\/10\/cropped-BAT_SONOMUNDO_LOGO_OK.png\" \/>\n\t<meta property=\"og:image:width\" content=\"2025\" \/>\n\t<meta property=\"og:image:height\" content=\"745\" \/>\n\t<meta property=\"og:image:type\" content=\"image\/png\" \/>\n<meta name=\"twitter:card\" content=\"summary_large_image\" \/>\n<meta name=\"twitter:label1\" content=\"Est. reading time\" \/>\n\t<meta name=\"twitter:data1\" content=\"1 minute\" \/>\n<script type=\"application\/ld+json\" class=\"yoast-schema-graph\">{\"@context\":\"https:\/\/schema.org\",\"@graph\":[{\"@type\":\"WebPage\",\"@id\":\"https:\/\/festivalsonomundo.com\/index.php\/infos-pratiques\/presse\/\",\"url\":\"https:\/\/festivalsonomundo.com\/index.php\/infos-pratiques\/presse\/\",\"name\":\"Presse - Festival SONOMUNDO\",\"isPartOf\":{\"@id\":\"https:\/\/festivalsonomundo.com\/#website\"},\"datePublished\":\"2022-11-16T21:54:07+00:00\",\"dateModified\":\"2025-10-29T14:44:43+00:00\",\"breadcrumb\":{\"@id\":\"https:\/\/festivalsonomundo.com\/index.php\/infos-pratiques\/presse\/#breadcrumb\"},\"inLanguage\":\"en-US\",\"potentialAction\":[{\"@type\":\"ReadAction\",\"target\":[\"https:\/\/festivalsonomundo.com\/index.php\/infos-pratiques\/presse\/\"]}]},{\"@type\":\"BreadcrumbList\",\"@id\":\"https:\/\/festivalsonomundo.com\/index.php\/infos-pratiques\/presse\/#breadcrumb\",\"itemListElement\":[{\"@type\":\"ListItem\",\"position\":1,\"name\":\"Home\",\"item\":\"https:\/\/festivalsonomundo.com\/\"},{\"@type\":\"ListItem\",\"position\":2,\"name\":\"Infos pratiques\",\"item\":\"https:\/\/festivalsonomundo.com\/index.php\/infos-pratiques\/\"},{\"@type\":\"ListItem\",\"position\":3,\"name\":\"Presse\"}]},{\"@type\":\"WebSite\",\"@id\":\"https:\/\/festivalsonomundo.com\/#website\",\"url\":\"https:\/\/festivalsonomundo.com\/\",\"name\":\"Festival SONOMUNDO\",\"description\":\"27, 28, 29 novembre 2025  Biblioth\u00e8que musicale La Grange-Fleuret\",\"publisher\":{\"@id\":\"https:\/\/festivalsonomundo.com\/#organization\"},\"potentialAction\":[{\"@type\":\"SearchAction\",\"target\":{\"@type\":\"EntryPoint\",\"urlTemplate\":\"https:\/\/festivalsonomundo.com\/?s={search_term_string}\"},\"query-input\":{\"@type\":\"PropertyValueSpecification\",\"valueRequired\":true,\"valueName\":\"search_term_string\"}}],\"inLanguage\":\"en-US\"},{\"@type\":\"Organization\",\"@id\":\"https:\/\/festivalsonomundo.com\/#organization\",\"name\":\"SONOMUNDO\",\"url\":\"https:\/\/festivalsonomundo.com\/\",\"logo\":{\"@type\":\"ImageObject\",\"inLanguage\":\"en-US\",\"@id\":\"https:\/\/festivalsonomundo.com\/#\/schema\/logo\/image\/\",\"url\":\"https:\/\/festivalsonomundo.com\/wp-content\/uploads\/2022\/10\/BAT_SONOMUNDO_LOGO_OK.png\",\"contentUrl\":\"https:\/\/festivalsonomundo.com\/wp-content\/uploads\/2022\/10\/BAT_SONOMUNDO_LOGO_OK.png\",\"width\":2141,\"height\":886,\"caption\":\"SONOMUNDO\"},\"image\":{\"@id\":\"https:\/\/festivalsonomundo.com\/#\/schema\/logo\/image\/\"},\"sameAs\":[\"https:\/\/m.facebook.com\/p\/Festival-Sonomundo-100087265804317\/\",\"https:\/\/www.instagram.com\/festivalsonomundo\/\"]}]}<\/script>\n<!-- \/ Yoast SEO plugin. -->","yoast_head_json":{"title":"Presse - Festival SONOMUNDO","robots":{"index":"index","follow":"follow","max-snippet":"max-snippet:-1","max-image-preview":"max-image-preview:large","max-video-preview":"max-video-preview:-1"},"canonical":"https:\/\/festivalsonomundo.com\/index.php\/infos-pratiques\/presse\/","og_locale":"en_US","og_type":"article","og_title":"Presse - Festival SONOMUNDO","og_description":"Presse Contact sonomundo.prod@gmail.com Logo Logo Association Sonomundo (PNG) Affiches Affiche g\u00e9n\u00e9rale Festival Sonomundo 2025 (PNG) Affiche Les Chemins des Incas 2025 (PNG) Affiche Les Routes de la Soie 2025 (PNG) Affiche Les Rivages M\u00e9diterran\u00e9ens 2025 (PNG) Affiche Une Groupie au P\u00e9rou (PNG)","og_url":"https:\/\/festivalsonomundo.com\/index.php\/infos-pratiques\/presse\/","og_site_name":"Festival SONOMUNDO","article_publisher":"https:\/\/m.facebook.com\/p\/Festival-Sonomundo-100087265804317\/","article_modified_time":"2025-10-29T14:44:43+00:00","og_image":[{"width":2025,"height":745,"url":"https:\/\/festivalsonomundo.com\/wp-content\/uploads\/2022\/10\/cropped-BAT_SONOMUNDO_LOGO_OK.png","type":"image\/png"}],"twitter_card":"summary_large_image","twitter_misc":{"Est. reading time":"1 minute"},"schema":{"@context":"https:\/\/schema.org","@graph":[{"@type":"WebPage","@id":"https:\/\/festivalsonomundo.com\/index.php\/infos-pratiques\/presse\/","url":"https:\/\/festivalsonomundo.com\/index.php\/infos-pratiques\/presse\/","name":"Presse - Festival SONOMUNDO","isPartOf":{"@id":"https:\/\/festivalsonomundo.com\/#website"},"datePublished":"2022-11-16T21:54:07+00:00","dateModified":"2025-10-29T14:44:43+00:00","breadcrumb":{"@id":"https:\/\/festivalsonomundo.com\/index.php\/infos-pratiques\/presse\/#breadcrumb"},"inLanguage":"en-US","potentialAction":[{"@type":"ReadAction","target":["https:\/\/festivalsonomundo.com\/index.php\/infos-pratiques\/presse\/"]}]},{"@type":"BreadcrumbList","@id":"https:\/\/festivalsonomundo.com\/index.php\/infos-pratiques\/presse\/#breadcrumb","itemListElement":[{"@type":"ListItem","position":1,"name":"Home","item":"https:\/\/festivalsonomundo.com\/"},{"@type":"ListItem","position":2,"name":"Infos pratiques","item":"https:\/\/festivalsonomundo.com\/index.php\/infos-pratiques\/"},{"@type":"ListItem","position":3,"name":"Presse"}]},{"@type":"WebSite","@id":"https:\/\/festivalsonomundo.com\/#website","url":"https:\/\/festivalsonomundo.com\/","name":"Festival SONOMUNDO","description":"27, 28, 29 novembre 2025  Biblioth\u00e8que musicale La Grange-Fleuret","publisher":{"@id":"https:\/\/festivalsonomundo.com\/#organization"},"potentialAction":[{"@type":"SearchAction","target":{"@type":"EntryPoint","urlTemplate":"https:\/\/festivalsonomundo.com\/?s={search_term_string}"},"query-input":{"@type":"PropertyValueSpecification","valueRequired":true,"valueName":"search_term_string"}}],"inLanguage":"en-US"},{"@type":"Organization","@id":"https:\/\/festivalsonomundo.com\/#organization","name":"SONOMUNDO","url":"https:\/\/festivalsonomundo.com\/","logo":{"@type":"ImageObject","inLanguage":"en-US","@id":"https:\/\/festivalsonomundo.com\/#\/schema\/logo\/image\/","url":"https:\/\/festivalsonomundo.com\/wp-content\/uploads\/2022\/10\/BAT_SONOMUNDO_LOGO_OK.png","contentUrl":"https:\/\/festivalsonomundo.com\/wp-content\/uploads\/2022\/10\/BAT_SONOMUNDO_LOGO_OK.png","width":2141,"height":886,"caption":"SONOMUNDO"},"image":{"@id":"https:\/\/festivalsonomundo.com\/#\/schema\/logo\/image\/"},"sameAs":["https:\/\/m.facebook.com\/p\/Festival-Sonomundo-100087265804317\/","https:\/\/www.instagram.com\/festivalsonomundo\/"]}]}},"_links":{"self":[{"href":"https:\/\/festivalsonomundo.com\/index.php\/wp-json\/wp\/v2\/pages\/588","targetHints":{"allow":["GET"]}}],"collection":[{"href":"https:\/\/festivalsonomundo.com\/index.php\/wp-json\/wp\/v2\/pages"}],"about":[{"href":"https:\/\/festivalsonomundo.com\/index.php\/wp-json\/wp\/v2\/types\/page"}],"author":[{"embeddable":true,"href":"https:\/\/festivalsonomundo.com\/index.php\/wp-json\/wp\/v2\/users\/1"}],"replies":[{"embeddable":true,"href":"https:\/\/festivalsonomundo.com\/index.php\/wp-json\/wp\/v2\/comments?post=588"}],"version-history":[{"count":41,"href":"https:\/\/festivalsonomundo.com\/index.php\/wp-json\/wp\/v2\/pages\/588\/revisions"}],"predecessor-version":[{"id":2498,"href":"https:\/\/festivalsonomundo.com\/index.php\/wp-json\/wp\/v2\/pages\/588\/revisions\/2498"}],"up":[{"embeddable":true,"href":"https:\/\/festivalsonomundo.com\/index.php\/wp-json\/wp\/v2\/pages\/2"}],"wp:attachment":[{"href":"https:\/\/festivalsonomundo.com\/index.php\/wp-json\/wp\/v2\/media?parent=588"}],"curies":[{"name":"wp","href":"https:\/\/api.w.org\/{rel}","templated":true}]}}