{"id":76,"date":"2022-09-16T00:45:22","date_gmt":"2022-09-15T22:45:22","guid":{"rendered":"http:\/\/festivalsonomundo.com\/?page_id=76"},"modified":"2024-09-20T17:54:18","modified_gmt":"2024-09-20T15:54:18","slug":"edito","status":"publish","type":"page","link":"https:\/\/festivalsonomundo.com\/index.php\/editions-passees\/edition-2022\/edito\/","title":{"rendered":"\u00c9dito 2022"},"content":{"rendered":"\n<div class=\"wp-block-group alignfull has-background is-layout-flow wp-block-group-is-layout-flow\" style=\"background-color:#f2f0e9\">\n<div style=\"height:179px\" aria-hidden=\"true\" class=\"wp-block-spacer\"><\/div>\n\n\n\n<div class=\"wp-block-columns alignwide are-vertically-aligned-center is-layout-flex wp-container-core-columns-is-layout-28f84493 wp-block-columns-is-layout-flex\">\n<div class=\"wp-block-column is-layout-flow wp-block-column-is-layout-flow\" style=\"flex-basis:50%\">\n<p class=\"has-text-color\" style=\"color:#1d1d35;font-size:clamp(18.959px, 1.185rem + ((1vw - 3.2px) * 0.783), 30px);line-height:1.1\"><strong><strong>\u00c9dito<\/strong><\/strong> <strong>2022<\/strong><\/p>\n<\/div>\n\n\n\n<div class=\"wp-block-column is-layout-flow wp-block-column-is-layout-flow\" style=\"flex-basis:50%\">\n<hr class=\"wp-block-separator has-text-color has-css-opacity has-background is-style-wide\" style=\"background-color:#000000;color:#000000\"\/>\n<\/div>\n<\/div>\n\n\n\n<div class=\"wp-block-columns is-layout-flex wp-container-core-columns-is-layout-28f84493 wp-block-columns-is-layout-flex\">\n<div class=\"wp-block-column is-layout-flow wp-block-column-is-layout-flow\" style=\"flex-basis:100%\">\n<div class=\"wp-block-columns is-layout-flex wp-container-core-columns-is-layout-28f84493 wp-block-columns-is-layout-flex\">\n<div class=\"wp-block-column is-layout-flow wp-block-column-is-layout-flow\" style=\"flex-basis:33.33%\"><\/div>\n\n\n\n<div class=\"wp-block-column is-layout-flow wp-block-column-is-layout-flow\" style=\"flex-basis:66.66%\">\n<h2 class=\"wp-block-heading has-text-align-left has-text-color\" style=\"color:#1d1d35;font-size:clamp(16.293px, 1.018rem + ((1vw - 3.2px) * 0.618), 25px);font-style:normal;font-weight:700;letter-spacing:1px\">La premi\u00e8re \u00e9dition du <strong>Festival Sonomundo<\/strong> se tiendra \u00e0 l\u2019<strong>Auditorium de la Cit\u00e9 Internationale des Arts<\/strong>, \u00e0 Paris, <strong>les 25, 26 et 27 novembre 2022<\/strong>.<\/h2>\n<\/div>\n<\/div>\n<\/div>\n<\/div>\n\n\n\n<div class=\"wp-block-columns alignwide is-layout-flex wp-container-core-columns-is-layout-28f84493 wp-block-columns-is-layout-flex\">\n<div class=\"wp-block-column is-layout-flow wp-block-column-is-layout-flow\"><\/div>\n\n\n\n<div class=\"wp-block-column is-layout-flow wp-block-column-is-layout-flow\">\n<p class=\"has-drop-cap has-text-color\" style=\"color:#444444\">Sonomundo vise au travers de son Festival \u00e0 promouvoir tant la cr\u00e9ation musicale contemporaine que l&#8217;\u00e9mergence de nouveaux ponts artistiques entre le P\u00e9rou et la France et plus largement, entre l&#8217;Am\u00e9rique Latine et l&#8217;Europe.<\/p>\n\n\n\n<p class=\"has-text-color\" style=\"color:#444444\"><strong>Sur une invitation du Festival Sonomundo, l\u2019Ensemble Regards propose une programmation centr\u00e9e sur la lign\u00e9e des Valc\u00e1rcel.<\/strong><br><br>Cette lign\u00e9e de compositeurs p\u00e9ruviens a contribu\u00e9 \u00e0 la culture et \u00e0 l&#8217;art latino-am\u00e9ricains \u00e0 diff\u00e9rents moments cl\u00e9s de l\u2019histoire de ce continent, de la red\u00e9couverte de leur h\u00e9ritage culturel \u00e0 la confrontation des avant-gardes de la seconde moiti\u00e9 du XXe si\u00e8cle et de la p\u00e9riode contemporaine.<\/p>\n<\/div>\n\n\n\n<div class=\"wp-block-column is-layout-flow wp-block-column-is-layout-flow\">\n<p class=\"has-text-color\" style=\"color:#444444\">Originaires de la ville de Puno, aux bords du lac Titicaca situ\u00e9 \u00e0 4 000 m\u00e8tres d\u2019altitude, les Valc\u00e1rcel puisent leur source d&#8217;inspiration dans les musiques de tradition orale du P\u00e9rou, notamment celles qui proviennent des Andes.<\/p>\n\n\n\n<p class=\"has-text-color\" style=\"color:#444444\">A cette occasion, le festival aura l\u2019honneur de recevoir <strong>Fernando Valc\u00e1rcel<\/strong> pour un moment unique d\u2019exploration de son \u0153uvre et de son h\u00e9ritage. Des cr\u00e9ations de <strong>Juan Arroyo, Vincent Trollet, Pia Alvarado et Reynaldo Pizarro<\/strong> seront \u00e9galement jou\u00e9es pour la premi\u00e8re fois. Le Festival offrira, enfin, l\u2019occasion d&#8217;appr\u00e9cier l&#8217;\u0153uvre encore tr\u00e8s peu connue en Europe de <strong>Juli\u00e1n Carrillo<\/strong>.<\/p>\n<\/div>\n<\/div>\n\n\n\n<div style=\"height:30px\" aria-hidden=\"true\" class=\"wp-block-spacer\"><\/div>\n\n\n\n<div class=\"wp-block-columns is-layout-flex wp-container-core-columns-is-layout-28f84493 wp-block-columns-is-layout-flex\">\n<div class=\"wp-block-column is-layout-flow wp-block-column-is-layout-flow\" style=\"flex-basis:33.33%\"><\/div>\n\n\n\n<div class=\"wp-block-column is-layout-flow wp-block-column-is-layout-flow\" style=\"flex-basis:66.66%\">\n<p class=\"has-text-color\" style=\"color:#444444\">Au cours du Festival, le th\u00e8me <strong>Voyage(s) Utopique(s)<\/strong> sera d\u00e9clin\u00e9 en <strong>trois programmes<\/strong> :<\/p>\n\n\n\n<p class=\"has-text-color\" style=\"color:#1d1d35;font-size:clamp(14px, 0.875rem + ((1vw - 3.2px) * 0.284), 18px);text-transform:uppercase\"><strong style=\"font-size: revert;\">vendredi 25 novembre<\/strong><\/p>\n\n\n\n<p class=\"has-text-color\" style=\"color:#444444\"><span style=\"font-size: revert;\">Pour sa soir\u00e9e d\u2019inauguration, le programme <\/span><em style=\"font-size: revert;\">Chiaroscuro<\/em><span style=\"font-size: revert;\"> donnera <\/span><strong style=\"font-size: revert;\">carte blanche au compositeur Juan Arroyo<\/strong><span style=\"font-size: revert;\">,<\/span><strong style=\"font-size: revert;\"> <\/strong>avant de laisser place \u00e0 la d\u00e9couverte d\u2019<strong style=\"font-size: revert;\">\u0153uvres de P\u00eda Alvarado, Reynaldo Pizarro et Vincent Trollet<\/strong><span style=\"font-size: revert;\">.<\/span><\/p>\n\n\n\n<p class=\"has-text-color\" style=\"color:#444444\">Interpr\u00e8tes : <span style=\"color: rgb(68, 68, 68); font-size: revert;\">Pauline Klaus, Florent Billy, Elodie Gaudet et Marie Ythier<\/span><\/p>\n\n\n\n<p class=\"has-text-color\" style=\"color:#1d1d35;font-size:clamp(14px, 0.875rem + ((1vw - 3.2px) * 0.284), 18px);text-transform:uppercase\"><strong style=\"color: rgb(68, 68, 68); font-size: revert;\">samedi 26 novembre<\/strong><\/p>\n\n\n\n<p class=\"has-text-color\" style=\"color:#444444\">Le programme <em>Trueno<\/em> pr\u00e9sentera <strong>les cr\u00e9ations de Fernando Valc\u00e1rcel, Vincent Trollet<\/strong> ainsi qu\u2019une plong\u00e9e dans l&#8217;\u0153uvre de <strong>Juli\u00e1n Carrillo<\/strong>.<\/p>\n\n\n\n<p class=\"has-text-color\" style=\"color:#444444\">Interpr\u00e8tes : Maya Villanueva, Samuel Casale, Pauline Klaus, Florent Billy Elodie Gaudet, Myrtille Hetzel, Constance Luzzati et Sergio Santiago<\/p>\n\n\n\n<p class=\"has-text-color\" style=\"color:#1d1d35;font-size:clamp(14px, 0.875rem + ((1vw - 3.2px) * 0.284), 18px);text-transform:uppercase\"><strong>dimanche 27 novembre<\/strong><\/p>\n\n\n\n<p class=\"has-text-color\" style=\"color:#444444\">Pour sa soir\u00e9e de cl\u00f4ture, le festival proposera le programme <em>Yaravi<\/em>, d\u00e9di\u00e9 \u00e0 l&#8217;\u0153uvre des Valc\u00e1rcel, et port\u00e9 par <strong>Maya Villanueva, chanteuse soprano franco-p\u00e9ruvienne<\/strong>.<\/p>\n\n\n\n<p class=\"has-text-color\" style=\"color:#444444\">Interpr\u00e8tes : Maya Villanueva et Fernando Valc\u00e1rcel<\/p>\n\n\n\n<p class=\"has-text-color\" style=\"color:#444444\">Le concert sera pr\u00e9c\u00e9d\u00e9 par la projection du <strong>court-m\u00e9trage de Veronica Valc\u00e1rcel<\/strong> sur la lign\u00e9e des Valc\u00e1rcel, suivie d\u2019un <strong>\u00e9change avec Fernando Valc\u00e1rcel autour du Yarav\u00ed<\/strong>, cette fascinante forme musicale issue des indiens Quechuas.<\/p>\n<\/div>\n<\/div>\n\n\n\n<div style=\"height:40px\" aria-hidden=\"true\" class=\"wp-block-spacer\"><\/div>\n<\/div>\n","protected":false},"excerpt":{"rendered":"<p>\u00c9dito 2022 La premi\u00e8re \u00e9dition du Festival Sonomundo se tiendra \u00e0 l\u2019Auditorium de la Cit\u00e9 Internationale des Arts, \u00e0 Paris, les 25, 26 et 27 novembre 2022. Sonomundo vise au travers de son Festival \u00e0 promouvoir tant la cr\u00e9ation musicale contemporaine que l&#8217;\u00e9mergence de nouveaux ponts artistiques entre le P\u00e9rou et la France et plus &hellip; <\/p>\n<p class=\"link-more\"><a href=\"https:\/\/festivalsonomundo.com\/index.php\/editions-passees\/edition-2022\/edito\/\" class=\"more-link\">Read more<span class=\"screen-reader-text\"> &#8220;\u00c9dito 2022&#8221;<\/span><\/a><\/p>\n","protected":false},"author":1,"featured_media":0,"parent":807,"menu_order":1,"comment_status":"closed","ping_status":"closed","template":"page-templates\/full-width-no-title.php","meta":{"footnotes":""},"class_list":["post-76","page","type-page","status-publish","hentry"],"yoast_head":"<!-- This site is optimized with the Yoast SEO plugin v25.9 - https:\/\/yoast.com\/wordpress\/plugins\/seo\/ -->\n<title>\u00c9dito 2022 - Festival SONOMUNDO<\/title>\n<meta name=\"robots\" content=\"index, follow, max-snippet:-1, max-image-preview:large, max-video-preview:-1\" \/>\n<link rel=\"canonical\" href=\"https:\/\/festivalsonomundo.com\/index.php\/editions-passees\/edition-2022\/edito\/\" \/>\n<meta property=\"og:locale\" content=\"en_US\" \/>\n<meta property=\"og:type\" content=\"article\" \/>\n<meta property=\"og:title\" content=\"\u00c9dito 2022 - Festival SONOMUNDO\" \/>\n<meta property=\"og:description\" content=\"\u00c9dito 2022 La premi\u00e8re \u00e9dition du Festival Sonomundo se tiendra \u00e0 l\u2019Auditorium de la Cit\u00e9 Internationale des Arts, \u00e0 Paris, les 25, 26 et 27 novembre 2022. Sonomundo vise au travers de son Festival \u00e0 promouvoir tant la cr\u00e9ation musicale contemporaine que l&#8217;\u00e9mergence de nouveaux ponts artistiques entre le P\u00e9rou et la France et plus &hellip; Read more &quot;\u00c9dito 2022&quot;\" \/>\n<meta property=\"og:url\" content=\"https:\/\/festivalsonomundo.com\/index.php\/editions-passees\/edition-2022\/edito\/\" \/>\n<meta property=\"og:site_name\" content=\"Festival SONOMUNDO\" \/>\n<meta property=\"article:publisher\" content=\"https:\/\/m.facebook.com\/p\/Festival-Sonomundo-100087265804317\/\" \/>\n<meta property=\"article:modified_time\" content=\"2024-09-20T15:54:18+00:00\" \/>\n<meta property=\"og:image\" content=\"https:\/\/festivalsonomundo.com\/wp-content\/uploads\/2022\/10\/cropped-BAT_SONOMUNDO_LOGO_OK.png\" \/>\n\t<meta property=\"og:image:width\" content=\"2025\" \/>\n\t<meta property=\"og:image:height\" content=\"745\" \/>\n\t<meta property=\"og:image:type\" content=\"image\/png\" \/>\n<meta name=\"twitter:card\" content=\"summary_large_image\" \/>\n<meta name=\"twitter:label1\" content=\"Est. reading time\" \/>\n\t<meta name=\"twitter:data1\" content=\"2 minutes\" \/>\n<script type=\"application\/ld+json\" class=\"yoast-schema-graph\">{\"@context\":\"https:\/\/schema.org\",\"@graph\":[{\"@type\":\"WebPage\",\"@id\":\"https:\/\/festivalsonomundo.com\/index.php\/editions-passees\/edition-2022\/edito\/\",\"url\":\"https:\/\/festivalsonomundo.com\/index.php\/editions-passees\/edition-2022\/edito\/\",\"name\":\"\u00c9dito 2022 - Festival SONOMUNDO\",\"isPartOf\":{\"@id\":\"https:\/\/festivalsonomundo.com\/#website\"},\"datePublished\":\"2022-09-15T22:45:22+00:00\",\"dateModified\":\"2024-09-20T15:54:18+00:00\",\"breadcrumb\":{\"@id\":\"https:\/\/festivalsonomundo.com\/index.php\/editions-passees\/edition-2022\/edito\/#breadcrumb\"},\"inLanguage\":\"en-US\",\"potentialAction\":[{\"@type\":\"ReadAction\",\"target\":[\"https:\/\/festivalsonomundo.com\/index.php\/editions-passees\/edition-2022\/edito\/\"]}]},{\"@type\":\"BreadcrumbList\",\"@id\":\"https:\/\/festivalsonomundo.com\/index.php\/editions-passees\/edition-2022\/edito\/#breadcrumb\",\"itemListElement\":[{\"@type\":\"ListItem\",\"position\":1,\"name\":\"Home\",\"item\":\"https:\/\/festivalsonomundo.com\/\"},{\"@type\":\"ListItem\",\"position\":2,\"name\":\"\u00c9ditions pass\u00e9es\",\"item\":\"https:\/\/festivalsonomundo.com\/index.php\/editions-passees\/\"},{\"@type\":\"ListItem\",\"position\":3,\"name\":\"\u00c9dition 2022\",\"item\":\"https:\/\/festivalsonomundo.com\/index.php\/editions-passees\/edition-2022\/\"},{\"@type\":\"ListItem\",\"position\":4,\"name\":\"\u00c9dito 2022\"}]},{\"@type\":\"WebSite\",\"@id\":\"https:\/\/festivalsonomundo.com\/#website\",\"url\":\"https:\/\/festivalsonomundo.com\/\",\"name\":\"Festival SONOMUNDO\",\"description\":\"27, 28, 29 novembre 2025  Biblioth\u00e8que musicale La Grange-Fleuret\",\"publisher\":{\"@id\":\"https:\/\/festivalsonomundo.com\/#organization\"},\"potentialAction\":[{\"@type\":\"SearchAction\",\"target\":{\"@type\":\"EntryPoint\",\"urlTemplate\":\"https:\/\/festivalsonomundo.com\/?s={search_term_string}\"},\"query-input\":{\"@type\":\"PropertyValueSpecification\",\"valueRequired\":true,\"valueName\":\"search_term_string\"}}],\"inLanguage\":\"en-US\"},{\"@type\":\"Organization\",\"@id\":\"https:\/\/festivalsonomundo.com\/#organization\",\"name\":\"SONOMUNDO\",\"url\":\"https:\/\/festivalsonomundo.com\/\",\"logo\":{\"@type\":\"ImageObject\",\"inLanguage\":\"en-US\",\"@id\":\"https:\/\/festivalsonomundo.com\/#\/schema\/logo\/image\/\",\"url\":\"https:\/\/festivalsonomundo.com\/wp-content\/uploads\/2022\/10\/BAT_SONOMUNDO_LOGO_OK.png\",\"contentUrl\":\"https:\/\/festivalsonomundo.com\/wp-content\/uploads\/2022\/10\/BAT_SONOMUNDO_LOGO_OK.png\",\"width\":2141,\"height\":886,\"caption\":\"SONOMUNDO\"},\"image\":{\"@id\":\"https:\/\/festivalsonomundo.com\/#\/schema\/logo\/image\/\"},\"sameAs\":[\"https:\/\/m.facebook.com\/p\/Festival-Sonomundo-100087265804317\/\",\"https:\/\/www.instagram.com\/festivalsonomundo\/\"]}]}<\/script>\n<!-- \/ Yoast SEO plugin. -->","yoast_head_json":{"title":"\u00c9dito 2022 - Festival SONOMUNDO","robots":{"index":"index","follow":"follow","max-snippet":"max-snippet:-1","max-image-preview":"max-image-preview:large","max-video-preview":"max-video-preview:-1"},"canonical":"https:\/\/festivalsonomundo.com\/index.php\/editions-passees\/edition-2022\/edito\/","og_locale":"en_US","og_type":"article","og_title":"\u00c9dito 2022 - Festival SONOMUNDO","og_description":"\u00c9dito 2022 La premi\u00e8re \u00e9dition du Festival Sonomundo se tiendra \u00e0 l\u2019Auditorium de la Cit\u00e9 Internationale des Arts, \u00e0 Paris, les 25, 26 et 27 novembre 2022. Sonomundo vise au travers de son Festival \u00e0 promouvoir tant la cr\u00e9ation musicale contemporaine que l&#8217;\u00e9mergence de nouveaux ponts artistiques entre le P\u00e9rou et la France et plus &hellip; Read more \"\u00c9dito 2022\"","og_url":"https:\/\/festivalsonomundo.com\/index.php\/editions-passees\/edition-2022\/edito\/","og_site_name":"Festival SONOMUNDO","article_publisher":"https:\/\/m.facebook.com\/p\/Festival-Sonomundo-100087265804317\/","article_modified_time":"2024-09-20T15:54:18+00:00","og_image":[{"width":2025,"height":745,"url":"https:\/\/festivalsonomundo.com\/wp-content\/uploads\/2022\/10\/cropped-BAT_SONOMUNDO_LOGO_OK.png","type":"image\/png"}],"twitter_card":"summary_large_image","twitter_misc":{"Est. reading time":"2 minutes"},"schema":{"@context":"https:\/\/schema.org","@graph":[{"@type":"WebPage","@id":"https:\/\/festivalsonomundo.com\/index.php\/editions-passees\/edition-2022\/edito\/","url":"https:\/\/festivalsonomundo.com\/index.php\/editions-passees\/edition-2022\/edito\/","name":"\u00c9dito 2022 - Festival SONOMUNDO","isPartOf":{"@id":"https:\/\/festivalsonomundo.com\/#website"},"datePublished":"2022-09-15T22:45:22+00:00","dateModified":"2024-09-20T15:54:18+00:00","breadcrumb":{"@id":"https:\/\/festivalsonomundo.com\/index.php\/editions-passees\/edition-2022\/edito\/#breadcrumb"},"inLanguage":"en-US","potentialAction":[{"@type":"ReadAction","target":["https:\/\/festivalsonomundo.com\/index.php\/editions-passees\/edition-2022\/edito\/"]}]},{"@type":"BreadcrumbList","@id":"https:\/\/festivalsonomundo.com\/index.php\/editions-passees\/edition-2022\/edito\/#breadcrumb","itemListElement":[{"@type":"ListItem","position":1,"name":"Home","item":"https:\/\/festivalsonomundo.com\/"},{"@type":"ListItem","position":2,"name":"\u00c9ditions pass\u00e9es","item":"https:\/\/festivalsonomundo.com\/index.php\/editions-passees\/"},{"@type":"ListItem","position":3,"name":"\u00c9dition 2022","item":"https:\/\/festivalsonomundo.com\/index.php\/editions-passees\/edition-2022\/"},{"@type":"ListItem","position":4,"name":"\u00c9dito 2022"}]},{"@type":"WebSite","@id":"https:\/\/festivalsonomundo.com\/#website","url":"https:\/\/festivalsonomundo.com\/","name":"Festival SONOMUNDO","description":"27, 28, 29 novembre 2025  Biblioth\u00e8que musicale La Grange-Fleuret","publisher":{"@id":"https:\/\/festivalsonomundo.com\/#organization"},"potentialAction":[{"@type":"SearchAction","target":{"@type":"EntryPoint","urlTemplate":"https:\/\/festivalsonomundo.com\/?s={search_term_string}"},"query-input":{"@type":"PropertyValueSpecification","valueRequired":true,"valueName":"search_term_string"}}],"inLanguage":"en-US"},{"@type":"Organization","@id":"https:\/\/festivalsonomundo.com\/#organization","name":"SONOMUNDO","url":"https:\/\/festivalsonomundo.com\/","logo":{"@type":"ImageObject","inLanguage":"en-US","@id":"https:\/\/festivalsonomundo.com\/#\/schema\/logo\/image\/","url":"https:\/\/festivalsonomundo.com\/wp-content\/uploads\/2022\/10\/BAT_SONOMUNDO_LOGO_OK.png","contentUrl":"https:\/\/festivalsonomundo.com\/wp-content\/uploads\/2022\/10\/BAT_SONOMUNDO_LOGO_OK.png","width":2141,"height":886,"caption":"SONOMUNDO"},"image":{"@id":"https:\/\/festivalsonomundo.com\/#\/schema\/logo\/image\/"},"sameAs":["https:\/\/m.facebook.com\/p\/Festival-Sonomundo-100087265804317\/","https:\/\/www.instagram.com\/festivalsonomundo\/"]}]}},"_links":{"self":[{"href":"https:\/\/festivalsonomundo.com\/index.php\/wp-json\/wp\/v2\/pages\/76","targetHints":{"allow":["GET"]}}],"collection":[{"href":"https:\/\/festivalsonomundo.com\/index.php\/wp-json\/wp\/v2\/pages"}],"about":[{"href":"https:\/\/festivalsonomundo.com\/index.php\/wp-json\/wp\/v2\/types\/page"}],"author":[{"embeddable":true,"href":"https:\/\/festivalsonomundo.com\/index.php\/wp-json\/wp\/v2\/users\/1"}],"replies":[{"embeddable":true,"href":"https:\/\/festivalsonomundo.com\/index.php\/wp-json\/wp\/v2\/comments?post=76"}],"version-history":[{"count":25,"href":"https:\/\/festivalsonomundo.com\/index.php\/wp-json\/wp\/v2\/pages\/76\/revisions"}],"predecessor-version":[{"id":1306,"href":"https:\/\/festivalsonomundo.com\/index.php\/wp-json\/wp\/v2\/pages\/76\/revisions\/1306"}],"up":[{"embeddable":true,"href":"https:\/\/festivalsonomundo.com\/index.php\/wp-json\/wp\/v2\/pages\/807"}],"wp:attachment":[{"href":"https:\/\/festivalsonomundo.com\/index.php\/wp-json\/wp\/v2\/media?parent=76"}],"curies":[{"name":"wp","href":"https:\/\/api.w.org\/{rel}","templated":true}]}}